{"id":256,"date":"2022-09-15T12:09:42","date_gmt":"2022-09-15T09:09:42","guid":{"rendered":"https:\/\/petrivesa.fi\/attourney-at-law-petri-vesa\/"},"modified":"2024-01-02T11:01:33","modified_gmt":"2024-01-02T09:01:33","slug":"attourney-at-law-petri-vesa","status":"publish","type":"page","link":"https:\/\/petrivesa.fi\/en\/","title":{"rendered":"Attorney at law Petri Vesa"},"content":{"rendered":"<p>[et_pb_section fb_built=&#8221;1&#8243; fullwidth=&#8221;on&#8221; _builder_version=&#8221;4.17.6&#8243; _module_preset=&#8221;default&#8221; animation_style=&#8221;fade&#8221; global_colors_info=&#8221;{}&#8221;][et_pb_fullwidth_slider use_text_overlay=&#8221;on&#8221; text_overlay_color=&#8221;rgba(0,0,0,0.33)&#8221; _builder_version=&#8221;4.19.5&#8243; _module_preset=&#8221;default&#8221; header_font=&#8221;|800|||||||&#8221; header_line_height=&#8221;3em&#8221; body_font=&#8221;|600|||||||&#8221; custom_padding=&#8221;17px||17px||true|false&#8221; animation_style=&#8221;fade&#8221; auto=&#8221;on&#8221; border_color_all=&#8221;#FFFFFF&#8221; global_colors_info=&#8221;{}&#8221;][et_pb_slide heading=&#8221;ENERGY PRODUCTION&#8221; use_text_overlay=&#8221;on&#8221; _builder_version=&#8221;4.19.5&#8243; _module_preset=&#8221;default&#8221; body_font=&#8221;||||||||&#8221; background_enable_color=&#8221;off&#8221; background_image=&#8221;https:\/\/petrivesa.fi\/wp-content\/uploads\/energiantuotanto-tuulivoimala.jpg&#8221; background_enable_image=&#8221;on&#8221; global_colors_info=&#8221;{}&#8221; sticky_transition=&#8221;on&#8221;]<\/p>\n<p>Wind power plants | Heating plants | Bioenergy | Hydro-electric power plants | Waste incineration plants<\/p>\n<p>[\/et_pb_slide][et_pb_slide heading=&#8221;INDUSTRY&#8221; use_text_overlay=&#8221;on&#8221; _builder_version=&#8221;4.19.5&#8243; _module_preset=&#8221;default&#8221; background_enable_color=&#8221;off&#8221; background_image=&#8221;https:\/\/petrivesa.fi\/wp-content\/uploads\/teollisuus-metalliteollisuus.jpg&#8221; background_enable_image=&#8221;on&#8221; global_colors_info=&#8221;{}&#8221; sticky_transition=&#8221;on&#8221;]<\/p>\n<p>Steel production | Metal industry | Oil refineries | Waste management | Chemical industry<\/p>\n<p>[\/et_pb_slide][et_pb_slide heading=&#8221;NATURAL RESOURCES&#8221; use_text_overlay=&#8221;on&#8221; _builder_version=&#8221;4.19.5&#8243; _module_preset=&#8221;default&#8221; background_enable_color=&#8221;off&#8221; background_image=&#8221;https:\/\/petrivesa.fi\/wp-content\/uploads\/luonnonvarat-malminetsinta.jpg&#8221; background_enable_image=&#8221;on&#8221; global_colors_info=&#8221;{}&#8221; sticky_transition=&#8221;on&#8221;]<\/p>\n<p>Ore prospecting | Peat production areas | Rock excavation | Rock crushing | Mines being closed down<\/p>\n<p>[\/et_pb_slide][et_pb_slide heading=&#8221;INFRASTRUCTURE&#8221; use_text_overlay=&#8221;on&#8221; _builder_version=&#8221;4.19.5&#8243; _module_preset=&#8221;default&#8221; background_enable_color=&#8221;off&#8221; background_image=&#8221;https:\/\/petrivesa.fi\/wp-content\/uploads\/infrastruktuuri-satamat.jpg&#8221; background_enable_image=&#8221;on&#8221; global_colors_info=&#8221;{}&#8221; sticky_transition=&#8221;on&#8221;]<\/p>\n<p>Harbours | Bridges | Cables | Airports<\/p>\n<p>[\/et_pb_slide][\/et_pb_fullwidth_slider][\/et_pb_section][et_pb_section fb_built=&#8221;1&#8243; admin_label=&#8221;section&#8221; _builder_version=&#8221;4.16&#8243; custom_padding=&#8221;4px||0px|||&#8221; global_colors_info=&#8221;{}&#8221;][et_pb_row column_structure=&#8221;2_5,3_5&#8243; admin_label=&#8221;row&#8221; _builder_version=&#8221;4.17.6&#8243; background_size=&#8221;initial&#8221; background_position=&#8221;top_left&#8221; background_repeat=&#8221;repeat&#8221; custom_padding=&#8221;||0px|||&#8221; border_width_left=&#8221;1px&#8221; border_color_left=&#8221;#ededed&#8221; global_colors_info=&#8221;{}&#8221;][et_pb_column type=&#8221;2_5&#8243; _builder_version=&#8221;4.16&#8243; custom_padding=&#8221;|||&#8221; global_colors_info=&#8221;{}&#8221; custom_padding__hover=&#8221;|||&#8221;][et_pb_image src=&#8221;https:\/\/petrivesa.fi\/wp-content\/uploads\/Petri-Vesa-1.jpg&#8221; alt=&#8221;petri vesa&#8221; title_text=&#8221;Petri-Vesa-1&#8243; _builder_version=&#8221;4.17.6&#8243; _module_preset=&#8221;default&#8221; global_colors_info=&#8221;{}&#8221;][\/et_pb_image][\/et_pb_column][et_pb_column type=&#8221;3_5&#8243; _builder_version=&#8221;4.16&#8243; custom_padding=&#8221;|||&#8221; global_colors_info=&#8221;{}&#8221; custom_padding__hover=&#8221;|||&#8221;][et_pb_text admin_label=&#8221;Text&#8221; _builder_version=&#8221;4.19.5&#8243; header_font=&#8221;||||||||&#8221; header_text_align=&#8221;left&#8221; header_line_height=&#8221;1.2em&#8221; background_size=&#8221;initial&#8221; background_position=&#8221;top_left&#8221; background_repeat=&#8221;repeat&#8221; global_colors_info=&#8221;{}&#8221;]<\/p>\n<h1><strong>The environmental legislation evolves constantly.<\/strong><\/h1>\n<p>&nbsp;<\/p>\n<blockquote>\n<p><strong>You do not need to worry about all that by yourself, as I will be standing by your side, assisting my clients to keep an eye on the changes in the law.<\/strong><\/p>\n<\/blockquote>\n<p><strong>In addition to the environmental law, I specialize in administrative and real property laws.<\/strong><\/p>\n<p>Industrial companies and other business actors, organisations involved in supervision of industrial interests, and public communities, such as municipalities, have the most to benefit from my services.<\/p>\n<p>You will find various examples of the sectors I have been dealing with during my career until now under the sections <a href=\"https:\/\/petrivesa.fi\/en\/sectors\/\">Sectors<\/a> and <a href=\"https:\/\/petrivesa.fi\/en\/references\/\">References<\/a>.<\/p>\n<p>For any survey, report or licensing affair, I will find an operating model that best serves my client&#8217;s interests. I will also place my extensive partnership network, including, inter alia, attorneys specialized in other braches of law, engineering offices and environmental consultants, at the disposal of my clients.<\/p>\n<p>[\/et_pb_text][\/et_pb_column][\/et_pb_row][\/et_pb_section]<\/p>\n","protected":false},"excerpt":{"rendered":"<p>Wind power plants | Heating plants | Bioenergy | Hydro-electric power plants | Waste incineration plantsSteel production | Metal industry | Oil refineries | Waste management | Chemical industryOre prospecting | Peat production areas | Rock excavation | Rock crushing | Mines being closed downHarbours | Bridges | Cables | AirportsThe environmental legislation evolves constantly. [&hellip;]<\/p>\n","protected":false},"author":1,"featured_media":0,"parent":0,"menu_order":0,"comment_status":"closed","ping_status":"closed","template":"","meta":{"_et_pb_use_builder":"on","_et_pb_old_content":"","_et_gb_content_width":"","footnotes":""},"class_list":["post-256","page","type-page","status-publish","hentry"],"yoast_head":"<!-- This site is optimized with the Yoast SEO plugin v26.1.1 - https:\/\/yoast.com\/wordpress\/plugins\/seo\/ -->\n<title>Attorney at law Petri Vesa<\/title>\n<meta name=\"description\" content=\"Attorney at law Petri Vesa. The environmental legislation evolves constantly. I`m assisting my clients to keep an eye on the changes in the law.\" \/>\n<meta name=\"robots\" content=\"index, follow, max-snippet:-1, max-image-preview:large, max-video-preview:-1\" \/>\n<link rel=\"canonical\" href=\"https:\/\/petrivesa.fi\/en\/\" \/>\n<meta property=\"og:locale\" content=\"en_US\" \/>\n<meta property=\"og:type\" content=\"article\" \/>\n<meta property=\"og:title\" content=\"Attorney at law Petri Vesa\" \/>\n<meta property=\"og:description\" content=\"Attorney at law Petri Vesa. The environmental legislation evolves constantly. I`m assisting my clients to keep an eye on the changes in the law.\" \/>\n<meta property=\"og:url\" content=\"https:\/\/petrivesa.fi\/en\/\" \/>\n<meta property=\"og:site_name\" content=\"Asianajotoimisto Petri Vesa\" \/>\n<meta property=\"article:modified_time\" content=\"2024-01-02T09:01:33+00:00\" \/>\n<meta name=\"twitter:card\" content=\"summary_large_image\" \/>\n<script type=\"application\/ld+json\" class=\"yoast-schema-graph\">{\"@context\":\"https:\/\/schema.org\",\"@graph\":[{\"@type\":\"WebPage\",\"@id\":\"https:\/\/petrivesa.fi\/en\/\",\"url\":\"https:\/\/petrivesa.fi\/en\/\",\"name\":\"Attorney at law Petri Vesa\",\"isPartOf\":{\"@id\":\"https:\/\/petrivesa.fi\/en\/#website\"},\"datePublished\":\"2022-09-15T09:09:42+00:00\",\"dateModified\":\"2024-01-02T09:01:33+00:00\",\"description\":\"Attorney at law Petri Vesa. The environmental legislation evolves constantly. I`m assisting my clients to keep an eye on the changes in the law.\",\"breadcrumb\":{\"@id\":\"https:\/\/petrivesa.fi\/en\/#breadcrumb\"},\"inLanguage\":\"en-US\",\"potentialAction\":[{\"@type\":\"ReadAction\",\"target\":[\"https:\/\/petrivesa.fi\/en\/\"]}]},{\"@type\":\"BreadcrumbList\",\"@id\":\"https:\/\/petrivesa.fi\/en\/#breadcrumb\",\"itemListElement\":[{\"@type\":\"ListItem\",\"position\":1,\"name\":\"Etusivu\",\"item\":\"https:\/\/petrivesa.fi\/en\/attourney-at-law-petri-vesa\/\"},{\"@type\":\"ListItem\",\"position\":2,\"name\":\"Attorney at law Petri Vesa\"}]},{\"@type\":\"WebSite\",\"@id\":\"https:\/\/petrivesa.fi\/en\/#website\",\"url\":\"https:\/\/petrivesa.fi\/en\/\",\"name\":\"Asianajotoimisto Petri Vesa\",\"description\":\"Ymp\u00e4rist\u00f6lains\u00e4\u00e4d\u00e4nt\u00f6 muuttuu jatkuvasti. Sinun ei tarvitse huolehtia kaikesta itse, vaan seuraan asiakkaitteni apuna lains\u00e4\u00e4d\u00e4nn\u00f6n muuttumista.\",\"potentialAction\":[{\"@type\":\"SearchAction\",\"target\":{\"@type\":\"EntryPoint\",\"urlTemplate\":\"https:\/\/petrivesa.fi\/en\/?s={search_term_string}\"},\"query-input\":{\"@type\":\"PropertyValueSpecification\",\"valueRequired\":true,\"valueName\":\"search_term_string\"}}],\"inLanguage\":\"en-US\"}]}<\/script>\n<!-- \/ Yoast SEO plugin. -->","yoast_head_json":{"title":"Attorney at law Petri Vesa","description":"Attorney at law Petri Vesa. The environmental legislation evolves constantly. I`m assisting my clients to keep an eye on the changes in the law.","robots":{"index":"index","follow":"follow","max-snippet":"max-snippet:-1","max-image-preview":"max-image-preview:large","max-video-preview":"max-video-preview:-1"},"canonical":"https:\/\/petrivesa.fi\/en\/","og_locale":"en_US","og_type":"article","og_title":"Attorney at law Petri Vesa","og_description":"Attorney at law Petri Vesa. The environmental legislation evolves constantly. I`m assisting my clients to keep an eye on the changes in the law.","og_url":"https:\/\/petrivesa.fi\/en\/","og_site_name":"Asianajotoimisto Petri Vesa","article_modified_time":"2024-01-02T09:01:33+00:00","twitter_card":"summary_large_image","schema":{"@context":"https:\/\/schema.org","@graph":[{"@type":"WebPage","@id":"https:\/\/petrivesa.fi\/en\/","url":"https:\/\/petrivesa.fi\/en\/","name":"Attorney at law Petri Vesa","isPartOf":{"@id":"https:\/\/petrivesa.fi\/en\/#website"},"datePublished":"2022-09-15T09:09:42+00:00","dateModified":"2024-01-02T09:01:33+00:00","description":"Attorney at law Petri Vesa. The environmental legislation evolves constantly. I`m assisting my clients to keep an eye on the changes in the law.","breadcrumb":{"@id":"https:\/\/petrivesa.fi\/en\/#breadcrumb"},"inLanguage":"en-US","potentialAction":[{"@type":"ReadAction","target":["https:\/\/petrivesa.fi\/en\/"]}]},{"@type":"BreadcrumbList","@id":"https:\/\/petrivesa.fi\/en\/#breadcrumb","itemListElement":[{"@type":"ListItem","position":1,"name":"Etusivu","item":"https:\/\/petrivesa.fi\/en\/attourney-at-law-petri-vesa\/"},{"@type":"ListItem","position":2,"name":"Attorney at law Petri Vesa"}]},{"@type":"WebSite","@id":"https:\/\/petrivesa.fi\/en\/#website","url":"https:\/\/petrivesa.fi\/en\/","name":"Asianajotoimisto Petri Vesa","description":"Ymp\u00e4rist\u00f6lains\u00e4\u00e4d\u00e4nt\u00f6 muuttuu jatkuvasti. Sinun ei tarvitse huolehtia kaikesta itse, vaan seuraan asiakkaitteni apuna lains\u00e4\u00e4d\u00e4nn\u00f6n muuttumista.","potentialAction":[{"@type":"SearchAction","target":{"@type":"EntryPoint","urlTemplate":"https:\/\/petrivesa.fi\/en\/?s={search_term_string}"},"query-input":{"@type":"PropertyValueSpecification","valueRequired":true,"valueName":"search_term_string"}}],"inLanguage":"en-US"}]}},"_links":{"self":[{"href":"https:\/\/petrivesa.fi\/en\/wp-json\/wp\/v2\/pages\/256","targetHints":{"allow":["GET"]}}],"collection":[{"href":"https:\/\/petrivesa.fi\/en\/wp-json\/wp\/v2\/pages"}],"about":[{"href":"https:\/\/petrivesa.fi\/en\/wp-json\/wp\/v2\/types\/page"}],"author":[{"embeddable":true,"href":"https:\/\/petrivesa.fi\/en\/wp-json\/wp\/v2\/users\/1"}],"replies":[{"embeddable":true,"href":"https:\/\/petrivesa.fi\/en\/wp-json\/wp\/v2\/comments?post=256"}],"version-history":[{"count":18,"href":"https:\/\/petrivesa.fi\/en\/wp-json\/wp\/v2\/pages\/256\/revisions"}],"predecessor-version":[{"id":429,"href":"https:\/\/petrivesa.fi\/en\/wp-json\/wp\/v2\/pages\/256\/revisions\/429"}],"wp:attachment":[{"href":"https:\/\/petrivesa.fi\/en\/wp-json\/wp\/v2\/media?parent=256"}],"curies":[{"name":"wp","href":"https:\/\/api.w.org\/{rel}","templated":true}]}}