{"id":265,"date":"2022-09-15T12:13:16","date_gmt":"2022-09-15T09:13:16","guid":{"rendered":"https:\/\/petrivesa.fi\/company\/"},"modified":"2023-02-21T18:06:02","modified_gmt":"2023-02-21T16:06:02","slug":"company","status":"publish","type":"page","link":"https:\/\/petrivesa.fi\/en\/company\/","title":{"rendered":"Company"},"content":{"rendered":"<p>[et_pb_section fb_built=&#8221;1&#8243; admin_label=&#8221;section&#8221; _builder_version=&#8221;4.16&#8243; custom_padding=&#8221;||0px|||&#8221; global_colors_info=&#8221;{}&#8221;][et_pb_row admin_label=&#8221;row&#8221; _builder_version=&#8221;4.16&#8243; background_size=&#8221;initial&#8221; background_position=&#8221;top_left&#8221; background_repeat=&#8221;repeat&#8221; global_colors_info=&#8221;{}&#8221;][et_pb_column type=&#8221;4_4&#8243; _builder_version=&#8221;4.16&#8243; custom_padding=&#8221;|||&#8221; global_colors_info=&#8221;{}&#8221; custom_padding__hover=&#8221;|||&#8221;][et_pb_text admin_label=&#8221;Text&#8221; _builder_version=&#8221;4.17.6&#8243; background_size=&#8221;initial&#8221; background_position=&#8221;top_left&#8221; background_repeat=&#8221;repeat&#8221; global_colors_info=&#8221;{}&#8221;]<\/p>\n<h1>Company<\/h1>\n<blockquote>\n<p>We specialize in licensing, permitting and appeal matters, such as environmental and water permits, emissions trading, mining legislation, environmental protection legislation, as well as planning and construction. Affairs relating to administrative law and municipal appeals also fall within the scope of our area of speciality.<\/p>\n<\/blockquote>\n<p>In company and real estate acquisitions, we are often responsible for the due diligence process and assessment of the contract terms and conditions associated with permit affairs and real property law. Our assignments also include different types of surveys and assessments concerning, for example, risks, operating conditions, and the impacts of new legislation.<\/p>\n<p>[\/et_pb_text][\/et_pb_column][\/et_pb_row][et_pb_row column_structure=&#8221;2_5,3_5&#8243; admin_label=&#8221;row&#8221; _builder_version=&#8221;4.16&#8243; background_size=&#8221;initial&#8221; background_position=&#8221;top_left&#8221; background_repeat=&#8221;repeat&#8221; global_colors_info=&#8221;{}&#8221;][et_pb_column type=&#8221;2_5&#8243; _builder_version=&#8221;4.16&#8243; custom_padding=&#8221;|||&#8221; global_colors_info=&#8221;{}&#8221; custom_padding__hover=&#8221;|||&#8221;][et_pb_image src=&#8221;https:\/\/petrivesa.fi\/wp-content\/uploads\/Petri-Vesa-asianajaja.jpg&#8221; alt=&#8221;Attorney-at-Law Petri Vesa&#8221; title_text=&#8221;Attorney-at-Law Petri Vesa&#8221; _builder_version=&#8221;4.17.6&#8243; _module_preset=&#8221;default&#8221; global_colors_info=&#8221;{}&#8221;][\/et_pb_image][\/et_pb_column][et_pb_column type=&#8221;3_5&#8243; _builder_version=&#8221;4.16&#8243; custom_padding=&#8221;|||&#8221; global_colors_info=&#8221;{}&#8221; custom_padding__hover=&#8221;|||&#8221;][et_pb_text admin_label=&#8221;Text&#8221; _builder_version=&#8221;4.17.6&#8243; background_size=&#8221;initial&#8221; background_position=&#8221;top_left&#8221; background_repeat=&#8221;repeat&#8221; global_colors_info=&#8221;{}&#8221;]<\/p>\n<h2>Attorney-at-Law Petri Vesa<\/h2>\n<p><strong>Petri Vesa<\/strong> served as the Legal Counsel of Pohjolan Voima Oy in 1998\u20132006, and he worked in several law offices from 2006 to 2013. He also used to work part-time as Environmental Specialist in the Finnish Energy Industries Federation (Finergy). In addition to a law degree, Petri Vesa also has Master of Science in Technology degree (technical physics\/energy technology and environmental protection technology).<\/p>\n<p>Since 2016, Petri Vesa has been a member of the Finnish Bar Association\u2019s Ethical Committee. In 2011\u20132016 he act as chair of the Finnish Bar Association\u2019s Expert Group on Environmental Law. Previously, he has been a member of, inter alia, the wind power working group appointed by the Ministry of the Environment, the extended composition of the Committee for EU Affairs\u2019 subcommittee for environmental affairs, the board of the Finnish Air Pollution Prevention Society (FAPPS), and several national and international task forces for supervision of industrial interests.<\/p>\n<blockquote>\n<p>Petri Vesa has also written legal articles, the latest of which, \u201cInteraction between Energy Law and Environmental Law\u201d was published in the book \u201cEnergy Law \u2013 Finland\u201d, published by Kluwer Law International.<\/p>\n<\/blockquote>\n<p>[\/et_pb_text][\/et_pb_column][\/et_pb_row][\/et_pb_section]<\/p>\n","protected":false},"excerpt":{"rendered":"<p>Company We specialize in licensing, permitting and appeal matters, such as environmental and water permits, emissions trading, mining legislation, environmental protection legislation, as well as planning and construction. Affairs relating to administrative law and municipal appeals also fall within the scope of our area of speciality. In company and real estate acquisitions, we are often [&hellip;]<\/p>\n","protected":false},"author":1,"featured_media":0,"parent":0,"menu_order":0,"comment_status":"closed","ping_status":"closed","template":"","meta":{"_et_pb_use_builder":"on","_et_pb_old_content":"","_et_gb_content_width":"","footnotes":""},"class_list":["post-265","page","type-page","status-publish","hentry"],"yoast_head":"<!-- This site is optimized with the Yoast SEO plugin v26.1.1 - https:\/\/yoast.com\/wordpress\/plugins\/seo\/ -->\n<title>Company - Asianajotoimisto Petri Vesa<\/title>\n<meta name=\"description\" content=\"Attorney-at-Law Petri Vesa We specialize in licensing, permitting and appeal matters, such as environmental and water permits, emissions trading, mining legislation, environmental protection legislation, as well as planning and construction.\" \/>\n<meta name=\"robots\" content=\"index, follow, max-snippet:-1, max-image-preview:large, max-video-preview:-1\" \/>\n<link rel=\"canonical\" href=\"https:\/\/petrivesa.fi\/en\/company\/\" \/>\n<meta property=\"og:locale\" content=\"en_US\" \/>\n<meta property=\"og:type\" content=\"article\" \/>\n<meta property=\"og:title\" content=\"Company - Asianajotoimisto Petri Vesa\" \/>\n<meta property=\"og:description\" content=\"Attorney-at-Law Petri Vesa We specialize in licensing, permitting and appeal matters, such as environmental and water permits, emissions trading, mining legislation, environmental protection legislation, as well as planning and construction.\" \/>\n<meta property=\"og:url\" content=\"https:\/\/petrivesa.fi\/en\/company\/\" \/>\n<meta property=\"og:site_name\" content=\"Asianajotoimisto Petri Vesa\" \/>\n<meta property=\"article:modified_time\" content=\"2023-02-21T16:06:02+00:00\" \/>\n<meta name=\"twitter:card\" content=\"summary_large_image\" \/>\n<script type=\"application\/ld+json\" class=\"yoast-schema-graph\">{\"@context\":\"https:\/\/schema.org\",\"@graph\":[{\"@type\":\"WebPage\",\"@id\":\"https:\/\/petrivesa.fi\/en\/company\/\",\"url\":\"https:\/\/petrivesa.fi\/en\/company\/\",\"name\":\"Company - Asianajotoimisto Petri Vesa\",\"isPartOf\":{\"@id\":\"https:\/\/petrivesa.fi\/en\/#website\"},\"datePublished\":\"2022-09-15T09:13:16+00:00\",\"dateModified\":\"2023-02-21T16:06:02+00:00\",\"description\":\"Attorney-at-Law Petri Vesa We specialize in licensing, permitting and appeal matters, such as environmental and water permits, emissions trading, mining legislation, environmental protection legislation, as well as planning and construction.\",\"breadcrumb\":{\"@id\":\"https:\/\/petrivesa.fi\/en\/company\/#breadcrumb\"},\"inLanguage\":\"en-US\",\"potentialAction\":[{\"@type\":\"ReadAction\",\"target\":[\"https:\/\/petrivesa.fi\/en\/company\/\"]}]},{\"@type\":\"BreadcrumbList\",\"@id\":\"https:\/\/petrivesa.fi\/en\/company\/#breadcrumb\",\"itemListElement\":[{\"@type\":\"ListItem\",\"position\":1,\"name\":\"Etusivu\",\"item\":\"https:\/\/petrivesa.fi\/en\/attourney-at-law-petri-vesa\/\"},{\"@type\":\"ListItem\",\"position\":2,\"name\":\"Company\"}]},{\"@type\":\"WebSite\",\"@id\":\"https:\/\/petrivesa.fi\/en\/#website\",\"url\":\"https:\/\/petrivesa.fi\/en\/\",\"name\":\"Asianajotoimisto Petri Vesa\",\"description\":\"Ymp\u00e4rist\u00f6lains\u00e4\u00e4d\u00e4nt\u00f6 muuttuu jatkuvasti. Sinun ei tarvitse huolehtia kaikesta itse, vaan seuraan asiakkaitteni apuna lains\u00e4\u00e4d\u00e4nn\u00f6n muuttumista.\",\"potentialAction\":[{\"@type\":\"SearchAction\",\"target\":{\"@type\":\"EntryPoint\",\"urlTemplate\":\"https:\/\/petrivesa.fi\/en\/?s={search_term_string}\"},\"query-input\":{\"@type\":\"PropertyValueSpecification\",\"valueRequired\":true,\"valueName\":\"search_term_string\"}}],\"inLanguage\":\"en-US\"}]}<\/script>\n<!-- \/ Yoast SEO plugin. -->","yoast_head_json":{"title":"Company - Asianajotoimisto Petri Vesa","description":"Attorney-at-Law Petri Vesa We specialize in licensing, permitting and appeal matters, such as environmental and water permits, emissions trading, mining legislation, environmental protection legislation, as well as planning and construction.","robots":{"index":"index","follow":"follow","max-snippet":"max-snippet:-1","max-image-preview":"max-image-preview:large","max-video-preview":"max-video-preview:-1"},"canonical":"https:\/\/petrivesa.fi\/en\/company\/","og_locale":"en_US","og_type":"article","og_title":"Company - Asianajotoimisto Petri Vesa","og_description":"Attorney-at-Law Petri Vesa We specialize in licensing, permitting and appeal matters, such as environmental and water permits, emissions trading, mining legislation, environmental protection legislation, as well as planning and construction.","og_url":"https:\/\/petrivesa.fi\/en\/company\/","og_site_name":"Asianajotoimisto Petri Vesa","article_modified_time":"2023-02-21T16:06:02+00:00","twitter_card":"summary_large_image","schema":{"@context":"https:\/\/schema.org","@graph":[{"@type":"WebPage","@id":"https:\/\/petrivesa.fi\/en\/company\/","url":"https:\/\/petrivesa.fi\/en\/company\/","name":"Company - Asianajotoimisto Petri Vesa","isPartOf":{"@id":"https:\/\/petrivesa.fi\/en\/#website"},"datePublished":"2022-09-15T09:13:16+00:00","dateModified":"2023-02-21T16:06:02+00:00","description":"Attorney-at-Law Petri Vesa We specialize in licensing, permitting and appeal matters, such as environmental and water permits, emissions trading, mining legislation, environmental protection legislation, as well as planning and construction.","breadcrumb":{"@id":"https:\/\/petrivesa.fi\/en\/company\/#breadcrumb"},"inLanguage":"en-US","potentialAction":[{"@type":"ReadAction","target":["https:\/\/petrivesa.fi\/en\/company\/"]}]},{"@type":"BreadcrumbList","@id":"https:\/\/petrivesa.fi\/en\/company\/#breadcrumb","itemListElement":[{"@type":"ListItem","position":1,"name":"Etusivu","item":"https:\/\/petrivesa.fi\/en\/attourney-at-law-petri-vesa\/"},{"@type":"ListItem","position":2,"name":"Company"}]},{"@type":"WebSite","@id":"https:\/\/petrivesa.fi\/en\/#website","url":"https:\/\/petrivesa.fi\/en\/","name":"Asianajotoimisto Petri Vesa","description":"Ymp\u00e4rist\u00f6lains\u00e4\u00e4d\u00e4nt\u00f6 muuttuu jatkuvasti. Sinun ei tarvitse huolehtia kaikesta itse, vaan seuraan asiakkaitteni apuna lains\u00e4\u00e4d\u00e4nn\u00f6n muuttumista.","potentialAction":[{"@type":"SearchAction","target":{"@type":"EntryPoint","urlTemplate":"https:\/\/petrivesa.fi\/en\/?s={search_term_string}"},"query-input":{"@type":"PropertyValueSpecification","valueRequired":true,"valueName":"search_term_string"}}],"inLanguage":"en-US"}]}},"_links":{"self":[{"href":"https:\/\/petrivesa.fi\/en\/wp-json\/wp\/v2\/pages\/265","targetHints":{"allow":["GET"]}}],"collection":[{"href":"https:\/\/petrivesa.fi\/en\/wp-json\/wp\/v2\/pages"}],"about":[{"href":"https:\/\/petrivesa.fi\/en\/wp-json\/wp\/v2\/types\/page"}],"author":[{"embeddable":true,"href":"https:\/\/petrivesa.fi\/en\/wp-json\/wp\/v2\/users\/1"}],"replies":[{"embeddable":true,"href":"https:\/\/petrivesa.fi\/en\/wp-json\/wp\/v2\/comments?post=265"}],"version-history":[{"count":9,"href":"https:\/\/petrivesa.fi\/en\/wp-json\/wp\/v2\/pages\/265\/revisions"}],"predecessor-version":[{"id":378,"href":"https:\/\/petrivesa.fi\/en\/wp-json\/wp\/v2\/pages\/265\/revisions\/378"}],"wp:attachment":[{"href":"https:\/\/petrivesa.fi\/en\/wp-json\/wp\/v2\/media?parent=265"}],"curies":[{"name":"wp","href":"https:\/\/api.w.org\/{rel}","templated":true}]}}