{"id":270,"date":"2022-09-15T12:30:21","date_gmt":"2022-09-15T09:30:21","guid":{"rendered":"https:\/\/petrivesa.fi\/sectors\/"},"modified":"2023-02-22T10:11:22","modified_gmt":"2023-02-22T08:11:22","slug":"sectors","status":"publish","type":"page","link":"https:\/\/petrivesa.fi\/en\/sectors\/","title":{"rendered":"Sectors"},"content":{"rendered":"<p>[et_pb_section fb_built=&#8221;1&#8243; admin_label=&#8221;section&#8221; _builder_version=&#8221;4.16&#8243; custom_padding=&#8221;||15px|||&#8221; global_colors_info=&#8221;{}&#8221;][et_pb_row admin_label=&#8221;row&#8221; _builder_version=&#8221;4.16&#8243; background_size=&#8221;initial&#8221; background_position=&#8221;top_left&#8221; background_repeat=&#8221;repeat&#8221; global_colors_info=&#8221;{}&#8221;][et_pb_column type=&#8221;4_4&#8243; _builder_version=&#8221;4.16&#8243; custom_padding=&#8221;|||&#8221; global_colors_info=&#8221;{}&#8221; custom_padding__hover=&#8221;|||&#8221;][et_pb_text admin_label=&#8221;Text&#8221; _builder_version=&#8221;4.17.6&#8243; background_size=&#8221;initial&#8221; background_position=&#8221;top_left&#8221; background_repeat=&#8221;repeat&#8221; global_colors_info=&#8221;{}&#8221;]<\/p>\n<p><strong><\/strong><\/p>\n<h1>Sectors<\/h1>\n<p><strong>Petri Vesa has practical experience of licensing, permitting and appeal processes and judicial surveys related to, for example, the following activities.<\/strong><\/p>\n<p>[\/et_pb_text][\/et_pb_column][\/et_pb_row][\/et_pb_section][et_pb_section fb_built=&#8221;1&#8243; _builder_version=&#8221;4.17.6&#8243; _module_preset=&#8221;default&#8221; custom_padding=&#8221;2px||1px|||&#8221; global_colors_info=&#8221;{}&#8221;][et_pb_row _builder_version=&#8221;4.17.6&#8243; _module_preset=&#8221;default&#8221; global_colors_info=&#8221;{}&#8221;][et_pb_column type=&#8221;4_4&#8243; _builder_version=&#8221;4.17.6&#8243; _module_preset=&#8221;default&#8221; global_colors_info=&#8221;{}&#8221;][et_pb_text _builder_version=&#8221;4.17.6&#8243; _module_preset=&#8221;default&#8221; header_2_font=&#8221;|600||on|||||&#8221; animation_style=&#8221;fade&#8221; header_2_text_shadow_style=&#8221;preset1&#8243; global_colors_info=&#8221;{}&#8221;]<\/p>\n<h2 style=\"text-align: left;\">Energy production<\/h2>\n<p><img loading=\"lazy\" decoding=\"async\" src=\"https:\/\/petrivesa.fi\/wp-content\/uploads\/energiantuotanto-tuulivoimala.jpg\" width=\"2000\" height=\"500\" alt=\"energy-production-windpower\" class=\"wp-image-75 aligncenter size-full\" srcset=\"https:\/\/petrivesa.fi\/wp-content\/uploads\/energiantuotanto-tuulivoimala.jpg 2000w, https:\/\/petrivesa.fi\/wp-content\/uploads\/energiantuotanto-tuulivoimala-1280x320.jpg 1280w, https:\/\/petrivesa.fi\/wp-content\/uploads\/energiantuotanto-tuulivoimala-980x245.jpg 980w, https:\/\/petrivesa.fi\/wp-content\/uploads\/energiantuotanto-tuulivoimala-480x120.jpg 480w\" sizes=\"(min-width: 0px) and (max-width: 480px) 480px, (min-width: 481px) and (max-width: 980px) 980px, (min-width: 981px) and (max-width: 1280px) 1280px, (min-width: 1281px) 2000px, 100vw\" \/><\/p>\n<p>[\/et_pb_text][\/et_pb_column][\/et_pb_row][et_pb_row column_structure=&#8221;1_2,1_2&#8243; _builder_version=&#8221;4.17.6&#8243; _module_preset=&#8221;default&#8221; global_colors_info=&#8221;{}&#8221;][et_pb_column type=&#8221;1_2&#8243; _builder_version=&#8221;4.17.6&#8243; _module_preset=&#8221;default&#8221; global_colors_info=&#8221;{}&#8221;][et_pb_text _builder_version=&#8221;4.19.5&#8243; _module_preset=&#8221;default&#8221; hover_enabled=&#8221;0&#8243; global_colors_info=&#8221;{}&#8221; sticky_enabled=&#8221;0&#8243;]<\/p>\n<ul>\n<li>\n<h3>Wind power<\/h3>\n<\/li>\n<li>\n<h3>Solar energy<\/h3>\n<\/li>\n<li>\n<h3>Bioenergy<\/h3>\n<\/li>\n<li>\n<h3>Hydroelectric power plants<\/h3>\n<\/li>\n<li>\n<h3>Waste incineration plants<\/h3>\n<\/li>\n<\/ul>\n<p>[\/et_pb_text][\/et_pb_column][et_pb_column type=&#8221;1_2&#8243; _builder_version=&#8221;4.17.6&#8243; _module_preset=&#8221;default&#8221; global_colors_info=&#8221;{}&#8221;][\/et_pb_column][\/et_pb_row][\/et_pb_section][et_pb_section fb_built=&#8221;1&#8243; _builder_version=&#8221;4.17.6&#8243; _module_preset=&#8221;default&#8221; background_color=&#8221;#f4f4f4&#8243; custom_padding=&#8221;0px||0px|||&#8221; global_colors_info=&#8221;{}&#8221;][et_pb_row _builder_version=&#8221;4.17.6&#8243; _module_preset=&#8221;default&#8221; global_colors_info=&#8221;{}&#8221;][et_pb_column type=&#8221;4_4&#8243; _builder_version=&#8221;4.17.6&#8243; _module_preset=&#8221;default&#8221; global_colors_info=&#8221;{}&#8221;][et_pb_text _builder_version=&#8221;4.17.6&#8243; _module_preset=&#8221;default&#8221; header_2_font=&#8221;|600||on|||||&#8221; animation_style=&#8221;fade&#8221; header_2_text_shadow_style=&#8221;preset1&#8243; global_colors_info=&#8221;{}&#8221;]<\/p>\n<h2 style=\"text-align: left;\">Industry<\/h2>\n<p><img loading=\"lazy\" decoding=\"async\" src=\"https:\/\/petrivesa.fi\/wp-content\/uploads\/teollisuus-metalliteollisuus.jpg\" width=\"2000\" height=\"500\" alt=\"industry-metal\" class=\"wp-image-74 aligncenter size-full\" srcset=\"https:\/\/petrivesa.fi\/wp-content\/uploads\/teollisuus-metalliteollisuus.jpg 2000w, https:\/\/petrivesa.fi\/wp-content\/uploads\/teollisuus-metalliteollisuus-1280x320.jpg 1280w, https:\/\/petrivesa.fi\/wp-content\/uploads\/teollisuus-metalliteollisuus-980x245.jpg 980w, https:\/\/petrivesa.fi\/wp-content\/uploads\/teollisuus-metalliteollisuus-480x120.jpg 480w\" sizes=\"(min-width: 0px) and (max-width: 480px) 480px, (min-width: 481px) and (max-width: 980px) 980px, (min-width: 981px) and (max-width: 1280px) 1280px, (min-width: 1281px) 2000px, 100vw\" \/><\/p>\n<p>[\/et_pb_text][\/et_pb_column][\/et_pb_row][et_pb_row column_structure=&#8221;1_2,1_2&#8243; _builder_version=&#8221;4.17.6&#8243; _module_preset=&#8221;default&#8221; global_colors_info=&#8221;{}&#8221;][et_pb_column type=&#8221;1_2&#8243; _builder_version=&#8221;4.17.6&#8243; _module_preset=&#8221;default&#8221; global_colors_info=&#8221;{}&#8221;][et_pb_text _builder_version=&#8221;4.19.5&#8243; _module_preset=&#8221;default&#8221; hover_enabled=&#8221;0&#8243; global_colors_info=&#8221;{}&#8221; sticky_enabled=&#8221;0&#8243;]<\/p>\n<ul>\n<li>\n<h3>Steel production<\/h3>\n<\/li>\n<li>\n<h3>Hydrogen production<\/h3>\n<\/li>\n<li>\n<h3>Biorefineries<\/h3>\n<\/li>\n<li>\n<h3>Metal industry<\/h3>\n<\/li>\n<li>\n<h3>Chemical industry<\/h3>\n<\/li>\n<\/ul>\n<p>[\/et_pb_text][\/et_pb_column][et_pb_column type=&#8221;1_2&#8243; _builder_version=&#8221;4.17.6&#8243; _module_preset=&#8221;default&#8221; global_colors_info=&#8221;{}&#8221;][\/et_pb_column][\/et_pb_row][\/et_pb_section][et_pb_section fb_built=&#8221;1&#8243; _builder_version=&#8221;4.17.6&#8243; _module_preset=&#8221;default&#8221; custom_padding=&#8221;0px||0px|||&#8221; global_colors_info=&#8221;{}&#8221;][et_pb_row _builder_version=&#8221;4.17.6&#8243; _module_preset=&#8221;default&#8221; global_colors_info=&#8221;{}&#8221;][et_pb_column type=&#8221;4_4&#8243; _builder_version=&#8221;4.17.6&#8243; _module_preset=&#8221;default&#8221; global_colors_info=&#8221;{}&#8221;][et_pb_text _builder_version=&#8221;4.17.6&#8243; _module_preset=&#8221;default&#8221; header_2_font=&#8221;|600||on|||||&#8221; animation_style=&#8221;fade&#8221; header_2_text_shadow_style=&#8221;preset1&#8243; global_colors_info=&#8221;{}&#8221;]<\/p>\n<h2 style=\"text-align: left;\">Natural Resources<\/h2>\n<p><img loading=\"lazy\" decoding=\"async\" src=\"https:\/\/petrivesa.fi\/wp-content\/uploads\/luonnonvarat-malminetsinta.jpg\" width=\"2000\" height=\"500\" alt=\"natural-resources\" class=\"wp-image-77 aligncenter size-full\" srcset=\"https:\/\/petrivesa.fi\/wp-content\/uploads\/luonnonvarat-malminetsinta.jpg 2000w, https:\/\/petrivesa.fi\/wp-content\/uploads\/luonnonvarat-malminetsinta-1280x320.jpg 1280w, https:\/\/petrivesa.fi\/wp-content\/uploads\/luonnonvarat-malminetsinta-980x245.jpg 980w, https:\/\/petrivesa.fi\/wp-content\/uploads\/luonnonvarat-malminetsinta-480x120.jpg 480w\" sizes=\"(min-width: 0px) and (max-width: 480px) 480px, (min-width: 481px) and (max-width: 980px) 980px, (min-width: 981px) and (max-width: 1280px) 1280px, (min-width: 1281px) 2000px, 100vw\" \/><\/p>\n<p>[\/et_pb_text][\/et_pb_column][\/et_pb_row][et_pb_row column_structure=&#8221;1_2,1_2&#8243; _builder_version=&#8221;4.17.6&#8243; _module_preset=&#8221;default&#8221; global_colors_info=&#8221;{}&#8221;][et_pb_column type=&#8221;1_2&#8243; _builder_version=&#8221;4.17.6&#8243; _module_preset=&#8221;default&#8221; global_colors_info=&#8221;{}&#8221;][et_pb_text _builder_version=&#8221;4.19.5&#8243; _module_preset=&#8221;default&#8221; global_colors_info=&#8221;{}&#8221;]<\/p>\n<ul>\n<li>\n<h3>Ore prospecting<\/h3>\n<\/li>\n<li>\n<h3>Peat production areas<\/h3>\n<\/li>\n<li>\n<h3>Rock excavation<\/h3>\n<\/li>\n<li>\n<h3>Rock crushing<\/h3>\n<\/li>\n<li>\n<h3>Mines being closed down<\/h3>\n<\/li>\n<\/ul>\n<p>[\/et_pb_text][\/et_pb_column][et_pb_column type=&#8221;1_2&#8243; _builder_version=&#8221;4.17.6&#8243; _module_preset=&#8221;default&#8221; global_colors_info=&#8221;{}&#8221;][\/et_pb_column][\/et_pb_row][\/et_pb_section][et_pb_section fb_built=&#8221;1&#8243; _builder_version=&#8221;4.17.6&#8243; _module_preset=&#8221;default&#8221; background_color=&#8221;#f4f4f4&#8243; custom_padding=&#8221;0px||0px|||&#8221; global_colors_info=&#8221;{}&#8221;][et_pb_row _builder_version=&#8221;4.17.6&#8243; _module_preset=&#8221;default&#8221; global_colors_info=&#8221;{}&#8221;][et_pb_column type=&#8221;4_4&#8243; _builder_version=&#8221;4.17.6&#8243; _module_preset=&#8221;default&#8221; global_colors_info=&#8221;{}&#8221;][et_pb_text _builder_version=&#8221;4.17.6&#8243; _module_preset=&#8221;default&#8221; header_2_font=&#8221;|600||on|||||&#8221; animation_style=&#8221;fade&#8221; header_2_text_shadow_style=&#8221;preset1&#8243; global_colors_info=&#8221;{}&#8221;]<\/p>\n<h2 style=\"text-align: left;\">Infrastructure<\/h2>\n<p><img loading=\"lazy\" decoding=\"async\" src=\"https:\/\/petrivesa.fi\/wp-content\/uploads\/infrastruktuuri-satamat.jpg\" width=\"2000\" height=\"500\" alt=\"infrastructure-harbours\" class=\"wp-image-76 aligncenter size-full\" srcset=\"https:\/\/petrivesa.fi\/wp-content\/uploads\/infrastruktuuri-satamat.jpg 2000w, https:\/\/petrivesa.fi\/wp-content\/uploads\/infrastruktuuri-satamat-1280x320.jpg 1280w, https:\/\/petrivesa.fi\/wp-content\/uploads\/infrastruktuuri-satamat-980x245.jpg 980w, https:\/\/petrivesa.fi\/wp-content\/uploads\/infrastruktuuri-satamat-480x120.jpg 480w\" sizes=\"(min-width: 0px) and (max-width: 480px) 480px, (min-width: 481px) and (max-width: 980px) 980px, (min-width: 981px) and (max-width: 1280px) 1280px, (min-width: 1281px) 2000px, 100vw\" \/><\/p>\n<p>[\/et_pb_text][\/et_pb_column][\/et_pb_row][et_pb_row column_structure=&#8221;1_2,1_2&#8243; _builder_version=&#8221;4.17.6&#8243; _module_preset=&#8221;default&#8221; global_colors_info=&#8221;{}&#8221;][et_pb_column type=&#8221;1_2&#8243; _builder_version=&#8221;4.17.6&#8243; _module_preset=&#8221;default&#8221; global_colors_info=&#8221;{}&#8221;][et_pb_text _builder_version=&#8221;4.19.5&#8243; _module_preset=&#8221;default&#8221; global_colors_info=&#8221;{}&#8221;]<\/p>\n<ul>\n<li>\n<h3>Power lines<\/h3>\n<\/li>\n<li>\n<h3>Harbours<\/h3>\n<\/li>\n<li>\n<h3>Building transformers<\/h3>\n<\/li>\n<li>\n<h3>Bridges<\/h3>\n<\/li>\n<li>\n<h3>Airports<\/h3>\n<\/li>\n<\/ul>\n<p>[\/et_pb_text][\/et_pb_column][et_pb_column type=&#8221;1_2&#8243; _builder_version=&#8221;4.17.6&#8243; _module_preset=&#8221;default&#8221; global_colors_info=&#8221;{}&#8221;][\/et_pb_column][\/et_pb_row][\/et_pb_section]<\/p>\n","protected":false},"excerpt":{"rendered":"<p>Sectors Petri Vesa has practical experience of licensing, permitting and appeal processes and judicial surveys related to, for example, the following activities.Energy production Wind power Solar energy Bioenergy Hydroelectric power plants Waste incineration plants Industry Steel production Hydrogen production Biorefineries Metal industry Chemical industry Natural Resources Ore prospecting Peat production areas Rock excavation Rock crushing [&hellip;]<\/p>\n","protected":false},"author":1,"featured_media":0,"parent":0,"menu_order":0,"comment_status":"closed","ping_status":"closed","template":"","meta":{"_et_pb_use_builder":"on","_et_pb_old_content":"","_et_gb_content_width":"","footnotes":""},"class_list":["post-270","page","type-page","status-publish","hentry"],"yoast_head":"<!-- This site is optimized with the Yoast SEO plugin v26.1.1 - https:\/\/yoast.com\/wordpress\/plugins\/seo\/ -->\n<title>Sectors - Asianajotoimisto Petri Vesa<\/title>\n<meta name=\"description\" content=\"Solid experience, e.g. from permit and appeal processes or legal investigations related to the following activities. Energy production, industry, natural resources and infrastructure.\" \/>\n<meta name=\"robots\" content=\"index, follow, max-snippet:-1, max-image-preview:large, max-video-preview:-1\" \/>\n<link rel=\"canonical\" href=\"https:\/\/petrivesa.fi\/en\/sectors\/\" \/>\n<meta property=\"og:locale\" content=\"en_US\" \/>\n<meta property=\"og:type\" content=\"article\" \/>\n<meta property=\"og:title\" content=\"Sectors - Asianajotoimisto Petri Vesa\" \/>\n<meta property=\"og:description\" content=\"Solid experience, e.g. from permit and appeal processes or legal investigations related to the following activities. Energy production, industry, natural resources and infrastructure.\" \/>\n<meta property=\"og:url\" content=\"https:\/\/petrivesa.fi\/en\/sectors\/\" \/>\n<meta property=\"og:site_name\" content=\"Asianajotoimisto Petri Vesa\" \/>\n<meta property=\"article:modified_time\" content=\"2023-02-22T08:11:22+00:00\" \/>\n<meta property=\"og:image\" content=\"https:\/\/petrivesa.fi\/wp-content\/uploads\/energiantuotanto-tuulivoimala.jpg\" \/>\n<meta name=\"twitter:card\" content=\"summary_large_image\" \/>\n<script type=\"application\/ld+json\" class=\"yoast-schema-graph\">{\"@context\":\"https:\/\/schema.org\",\"@graph\":[{\"@type\":\"WebPage\",\"@id\":\"https:\/\/petrivesa.fi\/en\/sectors\/\",\"url\":\"https:\/\/petrivesa.fi\/en\/sectors\/\",\"name\":\"Sectors - Asianajotoimisto Petri Vesa\",\"isPartOf\":{\"@id\":\"https:\/\/petrivesa.fi\/en\/#website\"},\"primaryImageOfPage\":{\"@id\":\"https:\/\/petrivesa.fi\/en\/sectors\/#primaryimage\"},\"image\":{\"@id\":\"https:\/\/petrivesa.fi\/en\/sectors\/#primaryimage\"},\"thumbnailUrl\":\"https:\/\/petrivesa.fi\/wp-content\/uploads\/energiantuotanto-tuulivoimala.jpg\",\"datePublished\":\"2022-09-15T09:30:21+00:00\",\"dateModified\":\"2023-02-22T08:11:22+00:00\",\"description\":\"Solid experience, e.g. from permit and appeal processes or legal investigations related to the following activities. Energy production, industry, natural resources and infrastructure.\",\"breadcrumb\":{\"@id\":\"https:\/\/petrivesa.fi\/en\/sectors\/#breadcrumb\"},\"inLanguage\":\"en-US\",\"potentialAction\":[{\"@type\":\"ReadAction\",\"target\":[\"https:\/\/petrivesa.fi\/en\/sectors\/\"]}]},{\"@type\":\"ImageObject\",\"inLanguage\":\"en-US\",\"@id\":\"https:\/\/petrivesa.fi\/en\/sectors\/#primaryimage\",\"url\":\"https:\/\/petrivesa.fi\/wp-content\/uploads\/energiantuotanto-tuulivoimala.jpg\",\"contentUrl\":\"https:\/\/petrivesa.fi\/wp-content\/uploads\/energiantuotanto-tuulivoimala.jpg\"},{\"@type\":\"BreadcrumbList\",\"@id\":\"https:\/\/petrivesa.fi\/en\/sectors\/#breadcrumb\",\"itemListElement\":[{\"@type\":\"ListItem\",\"position\":1,\"name\":\"Etusivu\",\"item\":\"https:\/\/petrivesa.fi\/en\/attourney-at-law-petri-vesa\/\"},{\"@type\":\"ListItem\",\"position\":2,\"name\":\"Sectors\"}]},{\"@type\":\"WebSite\",\"@id\":\"https:\/\/petrivesa.fi\/en\/#website\",\"url\":\"https:\/\/petrivesa.fi\/en\/\",\"name\":\"Asianajotoimisto Petri Vesa\",\"description\":\"Ymp\u00e4rist\u00f6lains\u00e4\u00e4d\u00e4nt\u00f6 muuttuu jatkuvasti. Sinun ei tarvitse huolehtia kaikesta itse, vaan seuraan asiakkaitteni apuna lains\u00e4\u00e4d\u00e4nn\u00f6n muuttumista.\",\"potentialAction\":[{\"@type\":\"SearchAction\",\"target\":{\"@type\":\"EntryPoint\",\"urlTemplate\":\"https:\/\/petrivesa.fi\/en\/?s={search_term_string}\"},\"query-input\":{\"@type\":\"PropertyValueSpecification\",\"valueRequired\":true,\"valueName\":\"search_term_string\"}}],\"inLanguage\":\"en-US\"}]}<\/script>\n<!-- \/ Yoast SEO plugin. -->","yoast_head_json":{"title":"Sectors - Asianajotoimisto Petri Vesa","description":"Solid experience, e.g. from permit and appeal processes or legal investigations related to the following activities. Energy production, industry, natural resources and infrastructure.","robots":{"index":"index","follow":"follow","max-snippet":"max-snippet:-1","max-image-preview":"max-image-preview:large","max-video-preview":"max-video-preview:-1"},"canonical":"https:\/\/petrivesa.fi\/en\/sectors\/","og_locale":"en_US","og_type":"article","og_title":"Sectors - Asianajotoimisto Petri Vesa","og_description":"Solid experience, e.g. from permit and appeal processes or legal investigations related to the following activities. Energy production, industry, natural resources and infrastructure.","og_url":"https:\/\/petrivesa.fi\/en\/sectors\/","og_site_name":"Asianajotoimisto Petri Vesa","article_modified_time":"2023-02-22T08:11:22+00:00","og_image":[{"url":"https:\/\/petrivesa.fi\/wp-content\/uploads\/energiantuotanto-tuulivoimala.jpg","type":"","width":"","height":""}],"twitter_card":"summary_large_image","schema":{"@context":"https:\/\/schema.org","@graph":[{"@type":"WebPage","@id":"https:\/\/petrivesa.fi\/en\/sectors\/","url":"https:\/\/petrivesa.fi\/en\/sectors\/","name":"Sectors - Asianajotoimisto Petri Vesa","isPartOf":{"@id":"https:\/\/petrivesa.fi\/en\/#website"},"primaryImageOfPage":{"@id":"https:\/\/petrivesa.fi\/en\/sectors\/#primaryimage"},"image":{"@id":"https:\/\/petrivesa.fi\/en\/sectors\/#primaryimage"},"thumbnailUrl":"https:\/\/petrivesa.fi\/wp-content\/uploads\/energiantuotanto-tuulivoimala.jpg","datePublished":"2022-09-15T09:30:21+00:00","dateModified":"2023-02-22T08:11:22+00:00","description":"Solid experience, e.g. from permit and appeal processes or legal investigations related to the following activities. Energy production, industry, natural resources and infrastructure.","breadcrumb":{"@id":"https:\/\/petrivesa.fi\/en\/sectors\/#breadcrumb"},"inLanguage":"en-US","potentialAction":[{"@type":"ReadAction","target":["https:\/\/petrivesa.fi\/en\/sectors\/"]}]},{"@type":"ImageObject","inLanguage":"en-US","@id":"https:\/\/petrivesa.fi\/en\/sectors\/#primaryimage","url":"https:\/\/petrivesa.fi\/wp-content\/uploads\/energiantuotanto-tuulivoimala.jpg","contentUrl":"https:\/\/petrivesa.fi\/wp-content\/uploads\/energiantuotanto-tuulivoimala.jpg"},{"@type":"BreadcrumbList","@id":"https:\/\/petrivesa.fi\/en\/sectors\/#breadcrumb","itemListElement":[{"@type":"ListItem","position":1,"name":"Etusivu","item":"https:\/\/petrivesa.fi\/en\/attourney-at-law-petri-vesa\/"},{"@type":"ListItem","position":2,"name":"Sectors"}]},{"@type":"WebSite","@id":"https:\/\/petrivesa.fi\/en\/#website","url":"https:\/\/petrivesa.fi\/en\/","name":"Asianajotoimisto Petri Vesa","description":"Ymp\u00e4rist\u00f6lains\u00e4\u00e4d\u00e4nt\u00f6 muuttuu jatkuvasti. Sinun ei tarvitse huolehtia kaikesta itse, vaan seuraan asiakkaitteni apuna lains\u00e4\u00e4d\u00e4nn\u00f6n muuttumista.","potentialAction":[{"@type":"SearchAction","target":{"@type":"EntryPoint","urlTemplate":"https:\/\/petrivesa.fi\/en\/?s={search_term_string}"},"query-input":{"@type":"PropertyValueSpecification","valueRequired":true,"valueName":"search_term_string"}}],"inLanguage":"en-US"}]}},"_links":{"self":[{"href":"https:\/\/petrivesa.fi\/en\/wp-json\/wp\/v2\/pages\/270","targetHints":{"allow":["GET"]}}],"collection":[{"href":"https:\/\/petrivesa.fi\/en\/wp-json\/wp\/v2\/pages"}],"about":[{"href":"https:\/\/petrivesa.fi\/en\/wp-json\/wp\/v2\/types\/page"}],"author":[{"embeddable":true,"href":"https:\/\/petrivesa.fi\/en\/wp-json\/wp\/v2\/users\/1"}],"replies":[{"embeddable":true,"href":"https:\/\/petrivesa.fi\/en\/wp-json\/wp\/v2\/comments?post=270"}],"version-history":[{"count":12,"href":"https:\/\/petrivesa.fi\/en\/wp-json\/wp\/v2\/pages\/270\/revisions"}],"predecessor-version":[{"id":384,"href":"https:\/\/petrivesa.fi\/en\/wp-json\/wp\/v2\/pages\/270\/revisions\/384"}],"wp:attachment":[{"href":"https:\/\/petrivesa.fi\/en\/wp-json\/wp\/v2\/media?parent=270"}],"curies":[{"name":"wp","href":"https:\/\/api.w.org\/{rel}","templated":true}]}}