{"id":283,"date":"2022-09-15T12:16:47","date_gmt":"2022-09-15T09:16:47","guid":{"rendered":"https:\/\/petrivesa.fi\/contact-us\/"},"modified":"2024-08-19T12:15:54","modified_gmt":"2024-08-19T09:15:54","slug":"contact-us","status":"publish","type":"page","link":"https:\/\/petrivesa.fi\/en\/contact-us\/","title":{"rendered":"Contact Us"},"content":{"rendered":"<p>[et_pb_section fb_built=&#8221;1&#8243; admin_label=&#8221;section&#8221; _builder_version=&#8221;4.16&#8243; custom_padding=&#8221;42px|||||&#8221; global_colors_info=&#8221;{}&#8221;][et_pb_row column_structure=&#8221;3_5,2_5&#8243; _builder_version=&#8221;4.19.5&#8243; _module_preset=&#8221;default&#8221; global_colors_info=&#8221;{}&#8221;][et_pb_column type=&#8221;3_5&#8243; _builder_version=&#8221;4.19.5&#8243; _module_preset=&#8221;default&#8221; global_colors_info=&#8221;{}&#8221;][et_pb_image src=&#8221;https:\/\/petrivesa.fi\/wp-content\/uploads\/logo_PetriVesa-300&#215;76.jpg&#8221; alt=&#8221;PetriVesa&#8221; title_text=&#8221;logo_PetriVesa&#8221; _builder_version=&#8221;4.17.6&#8243; _module_preset=&#8221;default&#8221; global_colors_info=&#8221;{}&#8221;][\/et_pb_image][et_pb_text admin_label=&#8221;Text&#8221; _builder_version=&#8221;4.27.0&#8243; header_4_font=&#8221;|600|||||||&#8221; background_size=&#8221;initial&#8221; background_position=&#8221;top_left&#8221; background_repeat=&#8221;repeat&#8221; hover_enabled=&#8221;0&#8243; border_color_bottom=&#8221;#e2e2e2&#8243; global_colors_info=&#8221;{}&#8221; sticky_enabled=&#8221;0&#8243;]<\/p>\n<h4>Attorney-at-Law Petri Vesa Ltd<\/h4>\n<p>Kampinkuja 2<br \/>00100 HELSINKI<\/p>\n<p>petri.vesa@petrivesa.fi<br \/>+358 40 7499 429<\/p>\n<p>Company ID FI25834001<\/p>\n<p><!-- \/divi:paragraph --><\/p>\n<p>[\/et_pb_text][\/et_pb_column][et_pb_column type=&#8221;2_5&#8243; _builder_version=&#8221;4.19.5&#8243; _module_preset=&#8221;default&#8221; global_colors_info=&#8221;{}&#8221;][et_pb_divider color=&#8221;RGBA(255,255,255,0)&#8221; _builder_version=&#8221;4.19.5&#8243; _module_preset=&#8221;default&#8221; custom_margin=&#8221;51px||||false|false&#8221; global_colors_info=&#8221;{}&#8221;][\/et_pb_divider][et_pb_image src=&#8221;https:\/\/petrivesa.fi\/wp-content\/uploads\/logo-linkedin-150&#215;150.png&#8221; alt=&#8221;logo linkedin&#8221; title_text=&#8221;logo linkedin&#8221; url=&#8221;https:\/\/www.linkedin.com\/in\/petri-vesa-008667114\/&#8221; url_new_window=&#8221;on&#8221; _builder_version=&#8221;4.19.5&#8243; _module_preset=&#8221;default&#8221; width=&#8221;20%&#8221; global_colors_info=&#8221;{}&#8221; transform_styles__hover_enabled=&#8221;on|desktop&#8221; transform_scale__hover_enabled=&#8221;on|desktop&#8221; transform_translate__hover_enabled=&#8221;on|desktop&#8221; transform_rotate__hover_enabled=&#8221;on|desktop&#8221; transform_skew__hover_enabled=&#8221;on|desktop&#8221; transform_origin__hover_enabled=&#8221;on|desktop&#8221; transform_scale__hover=&#8221;104%|104%&#8221;][\/et_pb_image][et_pb_image src=&#8221;https:\/\/petrivesa.fi\/wp-content\/uploads\/logo-twitter.png&#8221; alt=&#8221;logo twitter&#8221; title_text=&#8221;logo twitter&#8221; url=&#8221;https:\/\/twitter.com\/vesa_petri&#8221; url_new_window=&#8221;on&#8221; _builder_version=&#8221;4.19.5&#8243; _module_preset=&#8221;default&#8221; width=&#8221;20%&#8221; global_colors_info=&#8221;{}&#8221; transform_styles__hover_enabled=&#8221;on|desktop&#8221; transform_scale__hover=&#8221;104%|104%&#8221; transform_scale__hover_enabled=&#8221;on|desktop&#8221; transform_translate__hover_enabled=&#8221;on|desktop&#8221; transform_rotate__hover_enabled=&#8221;on|desktop&#8221; transform_skew__hover_enabled=&#8221;on|desktop&#8221; transform_origin__hover_enabled=&#8221;on|desktop&#8221;][\/et_pb_image][\/et_pb_column][\/et_pb_row][et_pb_row admin_label=&#8221;row&#8221; _builder_version=&#8221;4.16&#8243; background_size=&#8221;initial&#8221; background_position=&#8221;top_left&#8221; background_repeat=&#8221;repeat&#8221; global_colors_info=&#8221;{}&#8221;][et_pb_column type=&#8221;4_4&#8243; _builder_version=&#8221;4.16&#8243; custom_padding=&#8221;|||&#8221; global_colors_info=&#8221;{}&#8221; custom_padding__hover=&#8221;|||&#8221;][et_pb_image src=&#8221;https:\/\/petrivesa.fi\/wp-content\/uploads\/kartta-asianajaja-petri-vesa-1.jpg&#8221; alt=&#8221;kartta asianajaja petri vesa&#8221; title_text=&#8221;kartta asianajaja petri vesa&#8221; url=&#8221;https:\/\/maps.app.goo.gl\/3SwExJkYuD81yGfW9&#8243; url_new_window=&#8221;on&#8221; _builder_version=&#8221;4.27.0&#8243; _module_preset=&#8221;default&#8221; hover_enabled=&#8221;0&#8243; global_colors_info=&#8221;{}&#8221; sticky_enabled=&#8221;0&#8243;][\/et_pb_image][et_pb_text _builder_version=&#8221;4.27.0&#8243; _module_preset=&#8221;default&#8221; hover_enabled=&#8221;0&#8243; sticky_enabled=&#8221;0&#8243;]<\/p>\n<p><a href=\"https:\/\/maps.app.goo.gl\/3SwExJkYuD81yGfW9\" target=\"_blank\" rel=\"noopener\">Enlarge map<\/a><\/p>\n<p>[\/et_pb_text][et_pb_text _builder_version=&#8221;4.17.6&#8243; _module_preset=&#8221;default&#8221; global_colors_info=&#8221;{}&#8221;]<\/p>\n<h2>Contact form<\/h2>\n<p>Ask more about our services.<\/p>\n<p>[\/et_pb_text][et_pb_contact_form email=&#8221;petri.vesa@petrivesa.fi&#8221; custom_message=&#8221;Viesti yhteydenottolomakkeelta, l\u00e4hett\u00e4j\u00e4 %%Name%%, %%Email%%||et_pb_line_break_holder||||et_pb_line_break_holder||Nimi: %%Name%%||et_pb_line_break_holder||S\u00e4hk\u00f6postiosoite: %%Email%%||et_pb_line_break_holder||Puhelin: %%puhelin%%||et_pb_line_break_holder||Aihe: %%aihe%%||et_pb_line_break_holder||Viesti: %%Message%%&#8221; _builder_version=&#8221;4.17.6&#8243; _module_preset=&#8221;default&#8221; _unique_id=&#8221;8e5d4e20-a86a-4eb6-941f-c8ac3276375d&#8221; form_field_text_color=&#8221;#000000&#8243; custom_button=&#8221;on&#8221; button_text_color=&#8221;#000000&#8243; form_field_text_color_tablet=&#8221;#000000&#8243; form_field_text_color_phone=&#8221;#000000&#8243; form_field_text_color_last_edited=&#8221;on|phone&#8221; global_colors_info=&#8221;{}&#8221;][et_pb_contact_field field_id=&#8221;Name&#8221; field_title=&#8221;Name&#8221; fullwidth_field=&#8221;on&#8221; _builder_version=&#8221;4.17.6&#8243; global_colors_info=&#8221;{}&#8221; button_text_size__hover_enabled=&#8221;off&#8221; button_one_text_size__hover_enabled=&#8221;off&#8221; button_two_text_size__hover_enabled=&#8221;off&#8221; button_text_color__hover_enabled=&#8221;off&#8221; button_one_text_color__hover_enabled=&#8221;off&#8221; button_two_text_color__hover_enabled=&#8221;off&#8221; button_border_width__hover_enabled=&#8221;off&#8221; button_one_border_width__hover_enabled=&#8221;off&#8221; button_two_border_width__hover_enabled=&#8221;off&#8221; button_border_color__hover_enabled=&#8221;off&#8221; button_one_border_color__hover_enabled=&#8221;off&#8221; button_two_border_color__hover_enabled=&#8221;off&#8221; button_border_radius__hover_enabled=&#8221;off&#8221; button_one_border_radius__hover_enabled=&#8221;off&#8221; button_two_border_radius__hover_enabled=&#8221;off&#8221; button_letter_spacing__hover_enabled=&#8221;off&#8221; button_one_letter_spacing__hover_enabled=&#8221;off&#8221; button_two_letter_spacing__hover_enabled=&#8221;off&#8221; button_bg_color__hover_enabled=&#8221;off&#8221; button_one_bg_color__hover_enabled=&#8221;off&#8221; button_two_bg_color__hover_enabled=&#8221;off&#8221;][\/et_pb_contact_field][et_pb_contact_field field_id=&#8221;Email&#8221; field_title=&#8221;Email&#8221; field_type=&#8221;email&#8221; _builder_version=&#8221;4.17.6&#8243; global_colors_info=&#8221;{}&#8221; button_text_size__hover_enabled=&#8221;off&#8221; button_one_text_size__hover_enabled=&#8221;off&#8221; button_two_text_size__hover_enabled=&#8221;off&#8221; button_text_color__hover_enabled=&#8221;off&#8221; button_one_text_color__hover_enabled=&#8221;off&#8221; button_two_text_color__hover_enabled=&#8221;off&#8221; button_border_width__hover_enabled=&#8221;off&#8221; button_one_border_width__hover_enabled=&#8221;off&#8221; button_two_border_width__hover_enabled=&#8221;off&#8221; button_border_color__hover_enabled=&#8221;off&#8221; button_one_border_color__hover_enabled=&#8221;off&#8221; button_two_border_color__hover_enabled=&#8221;off&#8221; button_border_radius__hover_enabled=&#8221;off&#8221; button_one_border_radius__hover_enabled=&#8221;off&#8221; button_two_border_radius__hover_enabled=&#8221;off&#8221; button_letter_spacing__hover_enabled=&#8221;off&#8221; button_one_letter_spacing__hover_enabled=&#8221;off&#8221; button_two_letter_spacing__hover_enabled=&#8221;off&#8221; button_bg_color__hover_enabled=&#8221;off&#8221; button_one_bg_color__hover_enabled=&#8221;off&#8221; button_two_bg_color__hover_enabled=&#8221;off&#8221;][\/et_pb_contact_field][et_pb_contact_field field_id=&#8221;puhelin&#8221; field_title=&#8221;Phone&#8221; allowed_symbols=&#8221;numbers&#8221; _builder_version=&#8221;4.17.6&#8243; _module_preset=&#8221;default&#8221; global_colors_info=&#8221;{}&#8221;][\/et_pb_contact_field][et_pb_contact_field field_id=&#8221;aihe&#8221; field_title=&#8221;Subject&#8221; allowed_symbols=&#8221;alphanumeric&#8221; fullwidth_field=&#8221;on&#8221; _builder_version=&#8221;4.17.6&#8243; _module_preset=&#8221;default&#8221; global_colors_info=&#8221;{}&#8221;][\/et_pb_contact_field][et_pb_contact_field field_id=&#8221;Message&#8221; field_title=&#8221;Message&#8221; field_type=&#8221;text&#8221; fullwidth_field=&#8221;on&#8221; _builder_version=&#8221;4.17.6&#8243; global_colors_info=&#8221;{}&#8221; button_text_size__hover_enabled=&#8221;off&#8221; button_one_text_size__hover_enabled=&#8221;off&#8221; button_two_text_size__hover_enabled=&#8221;off&#8221; button_text_color__hover_enabled=&#8221;off&#8221; button_one_text_color__hover_enabled=&#8221;off&#8221; button_two_text_color__hover_enabled=&#8221;off&#8221; button_border_width__hover_enabled=&#8221;off&#8221; button_one_border_width__hover_enabled=&#8221;off&#8221; button_two_border_width__hover_enabled=&#8221;off&#8221; button_border_color__hover_enabled=&#8221;off&#8221; button_one_border_color__hover_enabled=&#8221;off&#8221; button_two_border_color__hover_enabled=&#8221;off&#8221; button_border_radius__hover_enabled=&#8221;off&#8221; button_one_border_radius__hover_enabled=&#8221;off&#8221; button_two_border_radius__hover_enabled=&#8221;off&#8221; button_letter_spacing__hover_enabled=&#8221;off&#8221; button_one_letter_spacing__hover_enabled=&#8221;off&#8221; button_two_letter_spacing__hover_enabled=&#8221;off&#8221; button_bg_color__hover_enabled=&#8221;off&#8221; button_one_bg_color__hover_enabled=&#8221;off&#8221; button_two_bg_color__hover_enabled=&#8221;off&#8221;][\/et_pb_contact_field][\/et_pb_contact_form][\/et_pb_column][\/et_pb_row][\/et_pb_section]<\/p>\n","protected":false},"excerpt":{"rendered":"<p>Attorney-at-Law Petri Vesa Ltd Kampinkuja 200100 HELSINKI petri.vesa@petrivesa.fi+358 40 7499 429 Company ID FI25834001 Enlarge mapContact form Ask more about our services.<\/p>\n","protected":false},"author":1,"featured_media":0,"parent":0,"menu_order":0,"comment_status":"closed","ping_status":"closed","template":"","meta":{"_et_pb_use_builder":"on","_et_pb_old_content":"","_et_gb_content_width":"","footnotes":""},"class_list":["post-283","page","type-page","status-publish","hentry"],"yoast_head":"<!-- This site is optimized with the Yoast SEO plugin v26.1.1 - https:\/\/yoast.com\/wordpress\/plugins\/seo\/ -->\n<title>Contact Us - Asianajotoimisto Petri Vesa<\/title>\n<meta name=\"description\" content=\"Attorney-at-Law Petri Vesa Ltd, Fredrikinkatu 61 A, 00100 HELSINKI, petri.vesa@petrivesa.fi, 040 7499 429, Company ID FI25834001\" \/>\n<meta name=\"robots\" content=\"index, follow, max-snippet:-1, max-image-preview:large, max-video-preview:-1\" \/>\n<link rel=\"canonical\" href=\"https:\/\/petrivesa.fi\/en\/contact-us\/\" \/>\n<meta property=\"og:locale\" content=\"en_US\" \/>\n<meta property=\"og:type\" content=\"article\" \/>\n<meta property=\"og:title\" content=\"Contact Us - Asianajotoimisto Petri Vesa\" \/>\n<meta property=\"og:description\" content=\"Attorney-at-Law Petri Vesa Ltd, Fredrikinkatu 61 A, 00100 HELSINKI, petri.vesa@petrivesa.fi, 040 7499 429, Company ID FI25834001\" \/>\n<meta property=\"og:url\" content=\"https:\/\/petrivesa.fi\/en\/contact-us\/\" \/>\n<meta property=\"og:site_name\" content=\"Asianajotoimisto Petri Vesa\" \/>\n<meta property=\"article:modified_time\" content=\"2024-08-19T09:15:54+00:00\" \/>\n<meta name=\"twitter:card\" content=\"summary_large_image\" \/>\n<script type=\"application\/ld+json\" class=\"yoast-schema-graph\">{\"@context\":\"https:\/\/schema.org\",\"@graph\":[{\"@type\":\"WebPage\",\"@id\":\"https:\/\/petrivesa.fi\/en\/contact-us\/\",\"url\":\"https:\/\/petrivesa.fi\/en\/contact-us\/\",\"name\":\"Contact Us - Asianajotoimisto Petri Vesa\",\"isPartOf\":{\"@id\":\"https:\/\/petrivesa.fi\/en\/#website\"},\"datePublished\":\"2022-09-15T09:16:47+00:00\",\"dateModified\":\"2024-08-19T09:15:54+00:00\",\"description\":\"Attorney-at-Law Petri Vesa Ltd, Fredrikinkatu 61 A, 00100 HELSINKI, petri.vesa@petrivesa.fi, 040 7499 429, Company ID FI25834001\",\"breadcrumb\":{\"@id\":\"https:\/\/petrivesa.fi\/en\/contact-us\/#breadcrumb\"},\"inLanguage\":\"en-US\",\"potentialAction\":[{\"@type\":\"ReadAction\",\"target\":[\"https:\/\/petrivesa.fi\/en\/contact-us\/\"]}]},{\"@type\":\"BreadcrumbList\",\"@id\":\"https:\/\/petrivesa.fi\/en\/contact-us\/#breadcrumb\",\"itemListElement\":[{\"@type\":\"ListItem\",\"position\":1,\"name\":\"Etusivu\",\"item\":\"https:\/\/petrivesa.fi\/en\/attourney-at-law-petri-vesa\/\"},{\"@type\":\"ListItem\",\"position\":2,\"name\":\"Contact Us\"}]},{\"@type\":\"WebSite\",\"@id\":\"https:\/\/petrivesa.fi\/en\/#website\",\"url\":\"https:\/\/petrivesa.fi\/en\/\",\"name\":\"Asianajotoimisto Petri Vesa\",\"description\":\"Ymp\u00e4rist\u00f6lains\u00e4\u00e4d\u00e4nt\u00f6 muuttuu jatkuvasti. Sinun ei tarvitse huolehtia kaikesta itse, vaan seuraan asiakkaitteni apuna lains\u00e4\u00e4d\u00e4nn\u00f6n muuttumista.\",\"potentialAction\":[{\"@type\":\"SearchAction\",\"target\":{\"@type\":\"EntryPoint\",\"urlTemplate\":\"https:\/\/petrivesa.fi\/en\/?s={search_term_string}\"},\"query-input\":{\"@type\":\"PropertyValueSpecification\",\"valueRequired\":true,\"valueName\":\"search_term_string\"}}],\"inLanguage\":\"en-US\"}]}<\/script>\n<!-- \/ Yoast SEO plugin. -->","yoast_head_json":{"title":"Contact Us - Asianajotoimisto Petri Vesa","description":"Attorney-at-Law Petri Vesa Ltd, Fredrikinkatu 61 A, 00100 HELSINKI, petri.vesa@petrivesa.fi, 040 7499 429, Company ID FI25834001","robots":{"index":"index","follow":"follow","max-snippet":"max-snippet:-1","max-image-preview":"max-image-preview:large","max-video-preview":"max-video-preview:-1"},"canonical":"https:\/\/petrivesa.fi\/en\/contact-us\/","og_locale":"en_US","og_type":"article","og_title":"Contact Us - Asianajotoimisto Petri Vesa","og_description":"Attorney-at-Law Petri Vesa Ltd, Fredrikinkatu 61 A, 00100 HELSINKI, petri.vesa@petrivesa.fi, 040 7499 429, Company ID FI25834001","og_url":"https:\/\/petrivesa.fi\/en\/contact-us\/","og_site_name":"Asianajotoimisto Petri Vesa","article_modified_time":"2024-08-19T09:15:54+00:00","twitter_card":"summary_large_image","schema":{"@context":"https:\/\/schema.org","@graph":[{"@type":"WebPage","@id":"https:\/\/petrivesa.fi\/en\/contact-us\/","url":"https:\/\/petrivesa.fi\/en\/contact-us\/","name":"Contact Us - Asianajotoimisto Petri Vesa","isPartOf":{"@id":"https:\/\/petrivesa.fi\/en\/#website"},"datePublished":"2022-09-15T09:16:47+00:00","dateModified":"2024-08-19T09:15:54+00:00","description":"Attorney-at-Law Petri Vesa Ltd, Fredrikinkatu 61 A, 00100 HELSINKI, petri.vesa@petrivesa.fi, 040 7499 429, Company ID FI25834001","breadcrumb":{"@id":"https:\/\/petrivesa.fi\/en\/contact-us\/#breadcrumb"},"inLanguage":"en-US","potentialAction":[{"@type":"ReadAction","target":["https:\/\/petrivesa.fi\/en\/contact-us\/"]}]},{"@type":"BreadcrumbList","@id":"https:\/\/petrivesa.fi\/en\/contact-us\/#breadcrumb","itemListElement":[{"@type":"ListItem","position":1,"name":"Etusivu","item":"https:\/\/petrivesa.fi\/en\/attourney-at-law-petri-vesa\/"},{"@type":"ListItem","position":2,"name":"Contact Us"}]},{"@type":"WebSite","@id":"https:\/\/petrivesa.fi\/en\/#website","url":"https:\/\/petrivesa.fi\/en\/","name":"Asianajotoimisto Petri Vesa","description":"Ymp\u00e4rist\u00f6lains\u00e4\u00e4d\u00e4nt\u00f6 muuttuu jatkuvasti. Sinun ei tarvitse huolehtia kaikesta itse, vaan seuraan asiakkaitteni apuna lains\u00e4\u00e4d\u00e4nn\u00f6n muuttumista.","potentialAction":[{"@type":"SearchAction","target":{"@type":"EntryPoint","urlTemplate":"https:\/\/petrivesa.fi\/en\/?s={search_term_string}"},"query-input":{"@type":"PropertyValueSpecification","valueRequired":true,"valueName":"search_term_string"}}],"inLanguage":"en-US"}]}},"_links":{"self":[{"href":"https:\/\/petrivesa.fi\/en\/wp-json\/wp\/v2\/pages\/283","targetHints":{"allow":["GET"]}}],"collection":[{"href":"https:\/\/petrivesa.fi\/en\/wp-json\/wp\/v2\/pages"}],"about":[{"href":"https:\/\/petrivesa.fi\/en\/wp-json\/wp\/v2\/types\/page"}],"author":[{"embeddable":true,"href":"https:\/\/petrivesa.fi\/en\/wp-json\/wp\/v2\/users\/1"}],"replies":[{"embeddable":true,"href":"https:\/\/petrivesa.fi\/en\/wp-json\/wp\/v2\/comments?post=283"}],"version-history":[{"count":13,"href":"https:\/\/petrivesa.fi\/en\/wp-json\/wp\/v2\/pages\/283\/revisions"}],"predecessor-version":[{"id":468,"href":"https:\/\/petrivesa.fi\/en\/wp-json\/wp\/v2\/pages\/283\/revisions\/468"}],"wp:attachment":[{"href":"https:\/\/petrivesa.fi\/en\/wp-json\/wp\/v2\/media?parent=283"}],"curies":[{"name":"wp","href":"https:\/\/api.w.org\/{rel}","templated":true}]}}